{"id":361,"date":"2024-06-13T16:13:07","date_gmt":"2024-06-13T13:13:07","guid":{"rendered":"https:\/\/purefarm.com.tr\/nasze-produkty\/"},"modified":"2024-06-25T12:32:41","modified_gmt":"2024-06-25T09:32:41","slug":"nasze-produkty","status":"publish","type":"page","link":"https:\/\/purefarm.com.tr\/pl\/nasze-produkty\/","title":{"rendered":"Nasze produkty"},"content":{"rendered":"\t\t<div data-elementor-type=\"wp-page\" data-elementor-id=\"361\" class=\"elementor elementor-361 elementor-151\" data-elementor-post-type=\"page\">\n\t\t\t\t\t\t<section class=\"elementor-section elementor-top-section elementor-element elementor-element-c41b8b9 elementor-section-height-min-height elementor-section-boxed elementor-section-height-default elementor-section-items-middle\" data-id=\"c41b8b9\" data-element_type=\"section\" data-settings=\"{&quot;background_background&quot;:&quot;classic&quot;}\">\n\t\t\t\t\t\t\t<div class=\"elementor-background-overlay\"><\/div>\n\t\t\t\t\t\t\t<div class=\"elementor-container elementor-column-gap-default\">\n\t\t\t\t\t<div class=\"elementor-column elementor-col-100 elementor-top-column elementor-element elementor-element-2d4cbdd elementor-invisible\" data-id=\"2d4cbdd\" data-element_type=\"column\" data-settings=\"{&quot;animation&quot;:&quot;fadeInUp&quot;}\">\n\t\t\t<div class=\"elementor-widget-wrap elementor-element-populated\">\n\t\t\t\t\t\t<div class=\"elementor-element elementor-element-8761909 elementor-widget elementor-widget-heading\" data-id=\"8761909\" data-element_type=\"widget\" data-widget_type=\"heading.default\">\n\t\t\t\t<div class=\"elementor-widget-container\">\n\t\t\t<style>\/*! elementor - v3.22.0 - 24-06-2024 *\/\n.elementor-heading-title{padding:0;margin:0;line-height:1}.elementor-widget-heading .elementor-heading-title[class*=elementor-size-]>a{color:inherit;font-size:inherit;line-height:inherit}.elementor-widget-heading .elementor-heading-title.elementor-size-small{font-size:15px}.elementor-widget-heading .elementor-heading-title.elementor-size-medium{font-size:19px}.elementor-widget-heading .elementor-heading-title.elementor-size-large{font-size:29px}.elementor-widget-heading .elementor-heading-title.elementor-size-xl{font-size:39px}.elementor-widget-heading .elementor-heading-title.elementor-size-xxl{font-size:59px}<\/style><h2 class=\"elementor-heading-title elementor-size-default\">Nasze produkty<\/h2>\t\t<\/div>\n\t\t\t\t<\/div>\n\t\t\t\t\t<\/div>\n\t\t<\/div>\n\t\t\t\t\t<\/div>\n\t\t<\/section>\n\t\t\t\t<section class=\"elementor-section elementor-top-section elementor-element elementor-element-17586f19 elementor-section-boxed elementor-section-height-default elementor-section-height-default\" data-id=\"17586f19\" data-element_type=\"section\">\n\t\t\t\t\t\t<div class=\"elementor-container elementor-column-gap-wider\">\n\t\t\t\t\t<div class=\"elementor-column elementor-col-50 elementor-top-column elementor-element elementor-element-9056c49 elementor-invisible\" data-id=\"9056c49\" data-element_type=\"column\" data-settings=\"{&quot;animation&quot;:&quot;fadeInLeft&quot;}\">\n\t\t\t<div class=\"elementor-widget-wrap elementor-element-populated\">\n\t\t\t\t\t\t<div class=\"elementor-element elementor-element-48607b89 elementor-widget elementor-widget-image\" data-id=\"48607b89\" data-element_type=\"widget\" data-widget_type=\"image.default\">\n\t\t\t\t<div class=\"elementor-widget-container\">\n\t\t\t<style>\/*! elementor - v3.22.0 - 24-06-2024 *\/\n.elementor-widget-image{text-align:center}.elementor-widget-image a{display:inline-block}.elementor-widget-image a img[src$=\".svg\"]{width:48px}.elementor-widget-image img{vertical-align:middle;display:inline-block}<\/style>\t\t\t\t\t\t\t\t\t\t<img decoding=\"async\" src=\"https:\/\/purefarm.com.tr\/wp-content\/uploads\/elementor\/thumbs\/WhatsApp-Image-2024-06-11-at-16.35.35-qplmy600vfd870c7v6opiwa7ggnz820q62ddqc3e7s.jpeg\" title=\"WhatsApp Image 2024-06-11 at 16.35.35\" alt=\"WhatsApp Image 2024-06-11 at 16.35.35\" loading=\"lazy\" \/>\t\t\t\t\t\t\t\t\t\t\t\t\t<\/div>\n\t\t\t\t<\/div>\n\t\t\t\t\t<\/div>\n\t\t<\/div>\n\t\t\t\t<div class=\"elementor-column elementor-col-50 elementor-top-column elementor-element elementor-element-122ba119\" data-id=\"122ba119\" data-element_type=\"column\">\n\t\t\t<div class=\"elementor-widget-wrap elementor-element-populated\">\n\t\t\t\t\t\t<section class=\"elementor-section elementor-inner-section elementor-element elementor-element-52f5fb39 elementor-section-boxed elementor-section-height-default elementor-section-height-default\" data-id=\"52f5fb39\" data-element_type=\"section\">\n\t\t\t\t\t\t<div class=\"elementor-container elementor-column-gap-default\">\n\t\t\t\t\t<div class=\"elementor-column elementor-col-100 elementor-inner-column elementor-element elementor-element-4da16798\" data-id=\"4da16798\" data-element_type=\"column\">\n\t\t\t<div class=\"elementor-widget-wrap elementor-element-populated\">\n\t\t\t\t\t\t<div class=\"elementor-element elementor-element-512369d elementor-invisible elementor-widget elementor-widget-image-box\" data-id=\"512369d\" data-element_type=\"widget\" data-settings=\"{&quot;_animation&quot;:&quot;fadeInRight&quot;}\" data-widget_type=\"image-box.default\">\n\t\t\t\t<div class=\"elementor-widget-container\">\n\t\t\t<style>\/*! elementor - v3.22.0 - 24-06-2024 *\/\n.elementor-widget-image-box .elementor-image-box-content{width:100%}@media (min-width:768px){.elementor-widget-image-box.elementor-position-left .elementor-image-box-wrapper,.elementor-widget-image-box.elementor-position-right .elementor-image-box-wrapper{display:flex}.elementor-widget-image-box.elementor-position-right .elementor-image-box-wrapper{text-align:end;flex-direction:row-reverse}.elementor-widget-image-box.elementor-position-left .elementor-image-box-wrapper{text-align:start;flex-direction:row}.elementor-widget-image-box.elementor-position-top .elementor-image-box-img{margin:auto}.elementor-widget-image-box.elementor-vertical-align-top .elementor-image-box-wrapper{align-items:flex-start}.elementor-widget-image-box.elementor-vertical-align-middle .elementor-image-box-wrapper{align-items:center}.elementor-widget-image-box.elementor-vertical-align-bottom .elementor-image-box-wrapper{align-items:flex-end}}@media (max-width:767px){.elementor-widget-image-box .elementor-image-box-img{margin-left:auto!important;margin-right:auto!important;margin-bottom:15px}}.elementor-widget-image-box .elementor-image-box-img{display:inline-block}.elementor-widget-image-box .elementor-image-box-title a{color:inherit}.elementor-widget-image-box .elementor-image-box-wrapper{text-align:center}.elementor-widget-image-box .elementor-image-box-description{margin:0}<\/style><div class=\"elementor-image-box-wrapper\"><div class=\"elementor-image-box-content\"><h3 class=\"elementor-image-box-title\">Tureckie Pomidory: Smak S\u0142o\u0144ca<\/h3><p class=\"elementor-image-box-description\">Tureckie pomidory s\u0142yn\u0105 ze swojego wyj\u0105tkowego smaku, \u017cywego koloru i soczystej konsystencji. Uprawiane w s\u0142onecznych regionach Turcji, te pomidory korzystaj\u0105 z bogatej, \u017cyznej gleby i idealnego klimatu \u015br\u00f3dziemnomorskiego. Wyst\u0119puj\u0105 w r\u00f3\u017cnych odmianach, z kt\u00f3rych ka\u017cda oferuje unikalne doznania smakowe, od s\u0142odko-kwa\u015bnych pomidork\u00f3w cherry po bogate i intensywne pomidory befsztykowe. Doskona\u0142e do sa\u0142atek, sos\u00f3w i szerokiej gamy potraw kulinarnych, tureckie pomidory wnosz\u0105 odrobin\u0119 \u015bwie\u017co\u015bci i \u015br\u00f3dziemnomorski akcent na Twoim stole. Ciesz si\u0119 naturalnym dobrem i wy\u015bmienitym smakiem, kt\u00f3ry sprawia, \u017ce tureckie pomidory s\u0105 ulubionymi na ca\u0142ym \u015bwiecie.<\/p><\/div><\/div>\t\t<\/div>\n\t\t\t\t<\/div>\n\t\t\t\t\t<\/div>\n\t\t<\/div>\n\t\t\t\t\t<\/div>\n\t\t<\/section>\n\t\t\t\t\t<\/div>\n\t\t<\/div>\n\t\t\t\t\t<\/div>\n\t\t<\/section>\n\t\t\t\t<section class=\"elementor-section elementor-top-section elementor-element elementor-element-eb14d24 elementor-section-boxed elementor-section-height-default elementor-section-height-default\" data-id=\"eb14d24\" data-element_type=\"section\">\n\t\t\t\t\t\t<div class=\"elementor-container elementor-column-gap-wider\">\n\t\t\t\t\t<div class=\"elementor-column elementor-col-50 elementor-top-column elementor-element elementor-element-8126ccc\" data-id=\"8126ccc\" data-element_type=\"column\">\n\t\t\t<div class=\"elementor-widget-wrap elementor-element-populated\">\n\t\t\t\t\t\t<section class=\"elementor-section elementor-inner-section elementor-element elementor-element-8a652a0 elementor-section-boxed elementor-section-height-default elementor-section-height-default\" data-id=\"8a652a0\" data-element_type=\"section\">\n\t\t\t\t\t\t<div class=\"elementor-container elementor-column-gap-default\">\n\t\t\t\t\t<div class=\"elementor-column elementor-col-100 elementor-inner-column elementor-element elementor-element-7c111ce\" data-id=\"7c111ce\" data-element_type=\"column\">\n\t\t\t<div class=\"elementor-widget-wrap elementor-element-populated\">\n\t\t\t\t\t\t<div class=\"elementor-element elementor-element-9f409ad elementor-invisible elementor-widget elementor-widget-image-box\" data-id=\"9f409ad\" data-element_type=\"widget\" data-settings=\"{&quot;_animation&quot;:&quot;fadeInRight&quot;}\" data-widget_type=\"image-box.default\">\n\t\t\t\t<div class=\"elementor-widget-container\">\n\t\t\t<div class=\"elementor-image-box-wrapper\"><div class=\"elementor-image-box-content\"><h3 class=\"elementor-image-box-title\">Tureckie Papryki: Wybuch Smaku i Koloru<\/h3><p class=\"elementor-image-box-description\">Tureckie papryki s\u0105 cenione za swoje \u017cywe kolory, r\u00f3\u017cnorodne kszta\u0142ty i bogate smaki. Uprawiane na \u017cyznych glebach Turcji, te papryki oferuj\u0105 smaki od s\u0142odkich po ostre, zaspokajaj\u0105c r\u00f3\u017cnorodne preferencje kulinarne. Niezale\u017cnie od tego, czy s\u0105 to s\u0142odkie, chrupi\u0105ce papryki, czy ogniste, aromatyczne tureckie chili, ka\u017cda odmiana dodaje potrawom niepowtarzalnego smaku. Doskona\u0142e do sa\u0142atek, grill\u00f3w, gulasz\u00f3w i r\u00f3\u017cnych tradycyjnych oraz nowoczesnych przepis\u00f3w, tureckie papryki wprowadzaj\u0105 \u015bwie\u017co\u015b\u0107 i \u015br\u00f3dziemnomorskie ciep\u0142o do Twojej kuchni. Ciesz si\u0119 naturalnym dobrem i dynamicznymi smakami, kt\u00f3re sprawiaj\u0105, \u017ce tureckie papryki s\u0105 ulubionymi w kuchniach na ca\u0142ym \u015bwiecie.<\/p><\/div><\/div>\t\t<\/div>\n\t\t\t\t<\/div>\n\t\t\t\t\t<\/div>\n\t\t<\/div>\n\t\t\t\t\t<\/div>\n\t\t<\/section>\n\t\t\t\t\t<\/div>\n\t\t<\/div>\n\t\t\t\t<div class=\"elementor-column elementor-col-50 elementor-top-column elementor-element elementor-element-ed2955b elementor-invisible\" data-id=\"ed2955b\" data-element_type=\"column\" data-settings=\"{&quot;animation&quot;:&quot;fadeInLeft&quot;}\">\n\t\t\t<div class=\"elementor-widget-wrap elementor-element-populated\">\n\t\t\t\t\t\t<div class=\"elementor-element elementor-element-08b89a1 elementor-widget elementor-widget-image\" data-id=\"08b89a1\" data-element_type=\"widget\" data-widget_type=\"image.default\">\n\t\t\t\t<div class=\"elementor-widget-container\">\n\t\t\t\t\t\t\t\t\t\t\t\t\t<img decoding=\"async\" src=\"https:\/\/purefarm.com.tr\/wp-content\/uploads\/elementor\/thumbs\/WhatsApp-Image-2024-06-11-at-16.35.36-1-qplmy8tjfxh35u84epwl8dkl8ma2v5bx6gbu65z7p4.jpeg\" title=\"WhatsApp Image 2024-06-11 at 16.35.36 (1)\" alt=\"WhatsApp Image 2024-06-11 at 16.35.36 (1)\" loading=\"lazy\" \/>\t\t\t\t\t\t\t\t\t\t\t\t\t<\/div>\n\t\t\t\t<\/div>\n\t\t\t\t\t<\/div>\n\t\t<\/div>\n\t\t\t\t\t<\/div>\n\t\t<\/section>\n\t\t\t\t<section class=\"elementor-section elementor-top-section elementor-element elementor-element-344d335 elementor-section-boxed elementor-section-height-default elementor-section-height-default\" data-id=\"344d335\" data-element_type=\"section\">\n\t\t\t\t\t\t<div class=\"elementor-container elementor-column-gap-wider\">\n\t\t\t\t\t<div class=\"elementor-column elementor-col-50 elementor-top-column elementor-element elementor-element-bb45ac4 elementor-invisible\" data-id=\"bb45ac4\" data-element_type=\"column\" data-settings=\"{&quot;animation&quot;:&quot;fadeInLeft&quot;}\">\n\t\t\t<div class=\"elementor-widget-wrap elementor-element-populated\">\n\t\t\t\t\t\t<div class=\"elementor-element elementor-element-32b5a57 elementor-widget elementor-widget-image\" data-id=\"32b5a57\" data-element_type=\"widget\" data-widget_type=\"image.default\">\n\t\t\t\t<div class=\"elementor-widget-container\">\n\t\t\t\t\t\t\t\t\t\t\t\t\t<img decoding=\"async\" src=\"https:\/\/purefarm.com.tr\/wp-content\/uploads\/elementor\/thumbs\/WhatsApp-Image-2024-06-11-at-16.35.36-qplmyckw79m8ga2nsrj3icmfm5rjpxquiyxs39tn08.jpeg\" title=\"WhatsApp Image 2024-06-11 at 16.35.36\" alt=\"WhatsApp Image 2024-06-11 at 16.35.36\" loading=\"lazy\" \/>\t\t\t\t\t\t\t\t\t\t\t\t\t<\/div>\n\t\t\t\t<\/div>\n\t\t\t\t\t<\/div>\n\t\t<\/div>\n\t\t\t\t<div class=\"elementor-column elementor-col-50 elementor-top-column elementor-element elementor-element-d48ab8b\" data-id=\"d48ab8b\" data-element_type=\"column\">\n\t\t\t<div class=\"elementor-widget-wrap elementor-element-populated\">\n\t\t\t\t\t\t<section class=\"elementor-section elementor-inner-section elementor-element elementor-element-20dacb8 elementor-section-boxed elementor-section-height-default elementor-section-height-default\" data-id=\"20dacb8\" data-element_type=\"section\">\n\t\t\t\t\t\t<div class=\"elementor-container elementor-column-gap-default\">\n\t\t\t\t\t<div class=\"elementor-column elementor-col-100 elementor-inner-column elementor-element elementor-element-28c7c5b\" data-id=\"28c7c5b\" data-element_type=\"column\">\n\t\t\t<div class=\"elementor-widget-wrap elementor-element-populated\">\n\t\t\t\t\t\t<div class=\"elementor-element elementor-element-a5d9d75 elementor-invisible elementor-widget elementor-widget-image-box\" data-id=\"a5d9d75\" data-element_type=\"widget\" data-settings=\"{&quot;_animation&quot;:&quot;fadeInRight&quot;}\" data-widget_type=\"image-box.default\">\n\t\t\t\t<div class=\"elementor-widget-container\">\n\t\t\t<div class=\"elementor-image-box-wrapper\"><div class=\"elementor-image-box-content\"><h3 class=\"elementor-image-box-title\">Turecki Czosnek: Smakowita Konieczno\u015b\u0107<\/h3><p class=\"elementor-image-box-description\">Turecki czosnek s\u0142ynie ze swego ostrych aromatu, wyrazistego smaku oraz licznych zastosowa\u0144 kulinarnych. Uprawiany na \u017cyznych glebach Turcji, ten czosnek zachwyca bogatym smakiem, kt\u00f3ry dodaje g\u0142\u0119bi potrawom. Bez wzgl\u0119du na to, czy jest u\u017cywany surowy czy gotowany, turecki czosnek wzbogaca smak r\u00f3\u017cnorodnych kuchni, od \u015br\u00f3dziemnomorskich po bliskowschodnie. Jego wszechstronno\u015b\u0107 sprawia, \u017ce jest niezast\u0105pionym sk\u0142adnikiem sos\u00f3w, marynat, zup i niezliczonych innych przepis\u00f3w. Ze swoim wyra\u017anym smakiem i aromatyczn\u0105 obecno\u015bci\u0105, turecki czosnek podnosi doznania kulinarnego, pozostawiaj\u0105c trwa\u0142e wra\u017cenie na podniebieniu.<\/p><\/div><\/div>\t\t<\/div>\n\t\t\t\t<\/div>\n\t\t\t\t\t<\/div>\n\t\t<\/div>\n\t\t\t\t\t<\/div>\n\t\t<\/section>\n\t\t\t\t\t<\/div>\n\t\t<\/div>\n\t\t\t\t\t<\/div>\n\t\t<\/section>\n\t\t\t\t<\/div>\n\t\t","protected":false},"excerpt":{"rendered":"<p>Nasze produkty Tureckie Pomidory: Smak S\u0142o\u0144ca Tureckie pomidory s\u0142yn\u0105 ze swojego wyj\u0105tkowego smaku, \u017cywego koloru i soczystej konsystencji. Uprawiane w s\u0142onecznych regionach Turcji, te pomidory korzystaj\u0105 z bogatej, \u017cyznej gleby i idealnego klimatu \u015br\u00f3dziemnomorskiego. Wyst\u0119puj\u0105 w r\u00f3\u017cnych odmianach, z kt\u00f3rych ka\u017cda oferuje unikalne doznania smakowe, od s\u0142odko-kwa\u015bnych pomidork\u00f3w cherry po bogate i intensywne pomidory befsztykowe.&hellip; <a class=\"more-link\" href=\"https:\/\/purefarm.com.tr\/pl\/nasze-produkty\/\">Czytaj dalej <span class=\"screen-reader-text\">Nasze produkty<\/span><\/a><\/p>\n","protected":false},"author":1,"featured_media":0,"parent":0,"menu_order":0,"comment_status":"closed","ping_status":"closed","template":"elementor_header_footer","meta":{"footnotes":""},"class_list":["post-361","page","type-page","status-publish","hentry","entry"],"_links":{"self":[{"href":"https:\/\/purefarm.com.tr\/pl\/wp-json\/wp\/v2\/pages\/361","targetHints":{"allow":["GET"]}}],"collection":[{"href":"https:\/\/purefarm.com.tr\/pl\/wp-json\/wp\/v2\/pages"}],"about":[{"href":"https:\/\/purefarm.com.tr\/pl\/wp-json\/wp\/v2\/types\/page"}],"author":[{"embeddable":true,"href":"https:\/\/purefarm.com.tr\/pl\/wp-json\/wp\/v2\/users\/1"}],"replies":[{"embeddable":true,"href":"https:\/\/purefarm.com.tr\/pl\/wp-json\/wp\/v2\/comments?post=361"}],"version-history":[{"count":1,"href":"https:\/\/purefarm.com.tr\/pl\/wp-json\/wp\/v2\/pages\/361\/revisions"}],"predecessor-version":[{"id":362,"href":"https:\/\/purefarm.com.tr\/pl\/wp-json\/wp\/v2\/pages\/361\/revisions\/362"}],"wp:attachment":[{"href":"https:\/\/purefarm.com.tr\/pl\/wp-json\/wp\/v2\/media?parent=361"}],"curies":[{"name":"wp","href":"https:\/\/api.w.org\/{rel}","templated":true}]}}